{"id":18,"date":"2025-01-08T00:50:23","date_gmt":"2025-01-08T00:50:23","guid":{"rendered":"https:\/\/www.hottacktest.com\/?page_id=18"},"modified":"2025-02-28T06:15:31","modified_gmt":"2025-02-28T06:15:31","slug":"contact","status":"publish","type":"page","link":"https:\/\/www.hottacktest.com\/da\/contact","title":{"rendered":"Kontakt os"},"content":{"rendered":"<div data-elementor-type=\"wp-page\" data-elementor-id=\"18\" class=\"elementor elementor-18\" data-elementor-post-type=\"page\">\n\t\t\t\t<div class=\"elementor-element elementor-element-687a89c3 e-con-full e-flex e-con e-parent\" data-id=\"687a89c3\" data-element_type=\"container\" data-settings=\"{&quot;background_background&quot;:&quot;classic&quot;}\">\n\t\t<div class=\"elementor-element elementor-element-5d406b18 e-con-full e-flex e-con e-child\" data-id=\"5d406b18\" data-element_type=\"container\" data-settings=\"{&quot;background_background&quot;:&quot;classic&quot;}\">\n\t\t<div class=\"elementor-element elementor-element-acb4f3c e-con-full e-flex e-con e-child\" data-id=\"acb4f3c\" data-element_type=\"container\">\n\t\t\t\t<div class=\"elementor-element elementor-element-2efefc50 elementor-widget elementor-widget-heading\" data-id=\"2efefc50\" data-element_type=\"widget\" data-widget_type=\"heading.default\">\n\t\t\t\t<div class=\"elementor-widget-container\">\n\t\t\t\t\t<h1 class=\"elementor-heading-title elementor-size-default\">Vi er her for at hj\u00e6lpe dig!\nRing til os for en gratis konsultation.<\/h1>\t\t\t\t<\/div>\n\t\t\t\t<\/div>\n\t\t\t\t<div class=\"elementor-element elementor-element-77bb5548 elementor-widget__width-initial elementor-invisible elementor-widget elementor-widget-text-editor\" data-id=\"77bb5548\" data-element_type=\"widget\" data-settings=\"{&quot;_animation&quot;:&quot;fadeInDown&quot;}\" data-widget_type=\"text-editor.default\">\n\t\t\t\t<div class=\"elementor-widget-container\">\n\t\t\t\t\t\t\t\t\t<p>Hos Hottacktest.com er vi forpligtet til at give dig de bedste l\u00f8sninger til dine behov for hot tack-tests. Uanset om du har sp\u00f8rgsm\u00e5l om vores produkter, har brug for teknisk support eller \u00f8nsker at diskutere dine testkrav, er vores team klar til at hj\u00e6lpe dig.<\/p>\t\t\t\t\t\t\t\t<\/div>\n\t\t\t\t<\/div>\n\t\t\t\t<\/div>\n\t\t<div class=\"elementor-element elementor-element-1b956c00 e-con-full e-flex e-con e-child\" data-id=\"1b956c00\" data-element_type=\"container\">\n\t\t\t\t<div class=\"elementor-element elementor-element-625bdaf6 elementor-widget__width-initial elementor-widget-mobile__width-inherit elementor-widget elementor-widget-icon-box\" data-id=\"625bdaf6\" data-element_type=\"widget\" data-widget_type=\"icon-box.default\">\n\t\t\t\t<div class=\"elementor-widget-container\">\n\t\t\t\t\t\t\t<div class=\"elementor-icon-box-wrapper\">\n\n\t\t\t\n\t\t\t\t\t\t<div class=\"elementor-icon-box-content\">\n\n\t\t\t\t\t\t\t\t\t<h3 class=\"elementor-icon-box-title\">\n\t\t\t\t\t\t<span  >\n\t\t\t\t\t\t\tVores placering\t\t\t\t\t\t<\/span>\n\t\t\t\t\t<\/h3>\n\t\t\t\t\n\t\t\t\t\t\t\t\t\t<p class=\"elementor-icon-box-description\">\n\t\t\t\t\t\tNr. 5577, Gongyebei Rd. <br>Jinan 250109, Kina\t\t\t\t\t<\/p>\n\t\t\t\t\n\t\t\t<\/div>\n\t\t\t\n\t\t<\/div>\n\t\t\t\t\t\t<\/div>\n\t\t\t\t<\/div>\n\t\t\t\t<div class=\"elementor-element elementor-element-7f714bb2 elementor-widget__width-initial elementor-widget-mobile__width-inherit elementor-widget elementor-widget-icon-box\" data-id=\"7f714bb2\" data-element_type=\"widget\" data-widget_type=\"icon-box.default\">\n\t\t\t\t<div class=\"elementor-widget-container\">\n\t\t\t\t\t\t\t<div class=\"elementor-icon-box-wrapper\">\n\n\t\t\t\n\t\t\t\t\t\t<div class=\"elementor-icon-box-content\">\n\n\t\t\t\t\t\t\t\t\t<h3 class=\"elementor-icon-box-title\">\n\t\t\t\t\t\t<span  >\n\t\t\t\t\t\t\tKom i kontakt med os\t\t\t\t\t\t<\/span>\n\t\t\t\t\t<\/h3>\n\t\t\t\t\n\t\t\t\t\t\t\t\t\t<p class=\"elementor-icon-box-description\">\n\t\t\t\t\t\t+86 18560013985 yang@celtec.cn<br>marketing@celtec.cn\t\t\t\t\t<\/p>\n\t\t\t\t\n\t\t\t<\/div>\n\t\t\t\n\t\t<\/div>\n\t\t\t\t\t\t<\/div>\n\t\t\t\t<\/div>\n\t\t\t\t<div class=\"elementor-element elementor-element-12f7b6f3 elementor-widget__width-initial elementor-widget-mobile__width-inherit elementor-widget elementor-widget-icon-box\" data-id=\"12f7b6f3\" data-element_type=\"widget\" data-widget_type=\"icon-box.default\">\n\t\t\t\t<div class=\"elementor-widget-container\">\n\t\t\t\t\t\t\t<div class=\"elementor-icon-box-wrapper\">\n\n\t\t\t\n\t\t\t\t\t\t<div class=\"elementor-icon-box-content\">\n\n\t\t\t\t\t\t\t\t\t<h3 class=\"elementor-icon-box-title\">\n\t\t\t\t\t\t<span  >\n\t\t\t\t\t\t\t\u00c5bningstider\t\t\t\t\t\t<\/span>\n\t\t\t\t\t<\/h3>\n\t\t\t\t\n\t\t\t\t\t\t\t\t\t<p class=\"elementor-icon-box-description\">\n\t\t\t\t\t\tMan-l\u00f8r: 8:00 - 17:00\nKundeservice: 365*24*7\t\t\t\t\t<\/p>\n\t\t\t\t\n\t\t\t<\/div>\n\t\t\t\n\t\t<\/div>\n\t\t\t\t\t\t<\/div>\n\t\t\t\t<\/div>\n\t\t\t\t<\/div>\n\t\t\t\t<\/div>\n\t\t<div class=\"elementor-element elementor-element-2aca51fb e-con-full e-flex e-con e-child\" data-id=\"2aca51fb\" data-element_type=\"container\" data-settings=\"{&quot;background_background&quot;:&quot;classic&quot;}\">\n\t\t\t\t<\/div>\n\t\t\t\t<\/div>\n\t\t<div class=\"elementor-element elementor-element-609f1acf e-con-full e-flex e-con e-parent\" data-id=\"609f1acf\" data-element_type=\"container\">\n\t\t<div class=\"elementor-element elementor-element-399b1a02 e-con-full e-flex e-con e-child\" data-id=\"399b1a02\" data-element_type=\"container\" data-settings=\"{&quot;background_background&quot;:&quot;classic&quot;}\">\n\t\t\t\t<\/div>\n\t\t<div class=\"elementor-element elementor-element-f5918fc e-con-full e-flex e-con e-child\" data-id=\"f5918fc\" data-element_type=\"container\">\n\t\t\t\t<div class=\"elementor-element elementor-element-b93346b elementor-widget elementor-widget-heading\" data-id=\"b93346b\" data-element_type=\"widget\" data-widget_type=\"heading.default\">\n\t\t\t\t<div class=\"elementor-widget-container\">\n\t\t\t\t\t<span class=\"elementor-heading-title elementor-size-default\">bes\u00f8g os<\/span>\t\t\t\t<\/div>\n\t\t\t\t<\/div>\n\t\t<div class=\"elementor-element elementor-element-75a69aad e-con-full e-flex e-con e-child\" data-id=\"75a69aad\" data-element_type=\"container\">\n\t\t\t\t<div class=\"elementor-element elementor-element-94b6341 elementor-widget elementor-widget-heading\" data-id=\"94b6341\" data-element_type=\"widget\" data-widget_type=\"heading.default\">\n\t\t\t\t<div class=\"elementor-widget-container\">\n\t\t\t\t\t<h2 class=\"elementor-heading-title elementor-size-default\">Vi befinder os i Jinan, Kina.\nKom og bes\u00f8g os!\n<\/h2>\t\t\t\t<\/div>\n\t\t\t\t<\/div>\n\t\t\t\t<div class=\"elementor-element elementor-element-24aeecaf elementor-widget elementor-widget-text-editor\" data-id=\"24aeecaf\" data-element_type=\"widget\" data-widget_type=\"text-editor.default\">\n\t\t\t\t<div class=\"elementor-widget-container\">\n\t\t\t\t\t\t\t\t\t<p>Kom og bes\u00f8g os og oplev vores l\u00f8sninger p\u00e5 f\u00f8rste h\u00e5nd! Vores team vil med gl\u00e6de give dig en personlig rundvisning i vores faciliteter og diskutere, hvordan vi kan opfylde dine behov for hot tack-test.<\/p>\t\t\t\t\t\t\t\t<\/div>\n\t\t\t\t<\/div>\n\t\t\t\t<\/div>\n\t\t\t\t<\/div>\n\t\t\t\t<\/div>\n\t\t\t\t<\/div>","protected":false},"excerpt":{"rendered":"<p>We Are Here to Help You! Call Us For a Free Consultation. At Hottacktest.com, we\u2019re committed to providing you with the best solutions for your hot tack testing needs. Whether you have questions about our products, need technical support, or want to discuss your testing requirements, our team is here to assist you. Our Location [&hellip;]<\/p>","protected":false},"author":1,"featured_media":0,"parent":0,"menu_order":0,"comment_status":"closed","ping_status":"closed","template":"elementor_header_footer","meta":{"footnotes":""},"class_list":["post-18","page","type-page","status-publish","hentry"],"yoast_head":"<!-- This site is optimized with the Yoast SEO plugin v24.5 - https:\/\/yoast.com\/wordpress\/plugins\/seo\/ -->\n<title>Contact Us - Hot Tack Test<\/title>\n<meta name=\"robots\" content=\"index, follow, max-snippet:-1, max-image-preview:large, max-video-preview:-1\" \/>\n<link rel=\"canonical\" href=\"https:\/\/www.hottacktest.com\/da\/contact\" \/>\n<meta property=\"og:locale\" content=\"da_DK\" \/>\n<meta property=\"og:type\" content=\"article\" \/>\n<meta property=\"og:title\" content=\"Contact Us - Hot Tack Test\" \/>\n<meta property=\"og:description\" content=\"We Are Here to Help You! Call Us For a Free Consultation. At Hottacktest.com, we\u2019re committed to providing you with the best solutions for your hot tack testing needs. Whether you have questions about our products, need technical support, or want to discuss your testing requirements, our team is here to assist you. Our Location [&hellip;]\" \/>\n<meta property=\"og:url\" content=\"https:\/\/www.hottacktest.com\/da\/contact\" \/>\n<meta property=\"og:site_name\" content=\"Hot Tack Test\" \/>\n<meta property=\"article:modified_time\" content=\"2025-02-28T06:15:31+00:00\" \/>\n<meta name=\"twitter:card\" content=\"summary_large_image\" \/>\n<meta name=\"twitter:label1\" content=\"Estimeret l\u00e6setid\" \/>\n\t<meta name=\"twitter:data1\" content=\"1 minut\" \/>\n<script type=\"application\/ld+json\" class=\"yoast-schema-graph\">{\"@context\":\"https:\/\/schema.org\",\"@graph\":[{\"@type\":\"WebPage\",\"@id\":\"https:\/\/www.hottacktest.com\/contact\",\"url\":\"https:\/\/www.hottacktest.com\/contact\",\"name\":\"Contact Us - Hot Tack Test\",\"isPartOf\":{\"@id\":\"https:\/\/www.hottacktest.com\/#website\"},\"datePublished\":\"2025-01-08T00:50:23+00:00\",\"dateModified\":\"2025-02-28T06:15:31+00:00\",\"breadcrumb\":{\"@id\":\"https:\/\/www.hottacktest.com\/contact#breadcrumb\"},\"inLanguage\":\"da-DK\",\"potentialAction\":[{\"@type\":\"ReadAction\",\"target\":[\"https:\/\/www.hottacktest.com\/contact\"]}]},{\"@type\":\"BreadcrumbList\",\"@id\":\"https:\/\/www.hottacktest.com\/contact#breadcrumb\",\"itemListElement\":[{\"@type\":\"ListItem\",\"position\":1,\"name\":\"Home\",\"item\":\"https:\/\/www.hottacktest.com\/\"},{\"@type\":\"ListItem\",\"position\":2,\"name\":\"Contact Us\"}]},{\"@type\":\"WebSite\",\"@id\":\"https:\/\/www.hottacktest.com\/#website\",\"url\":\"https:\/\/www.hottacktest.com\/\",\"name\":\"Softgel Test\",\"description\":\"ASTM F1921 Hot Tack Test Solution\",\"publisher\":{\"@id\":\"https:\/\/www.hottacktest.com\/#organization\"},\"potentialAction\":[{\"@type\":\"SearchAction\",\"target\":{\"@type\":\"EntryPoint\",\"urlTemplate\":\"https:\/\/www.hottacktest.com\/?s={search_term_string}\"},\"query-input\":{\"@type\":\"PropertyValueSpecification\",\"valueRequired\":true,\"valueName\":\"search_term_string\"}}],\"inLanguage\":\"da-DK\"},{\"@type\":\"Organization\",\"@id\":\"https:\/\/www.hottacktest.com\/#organization\",\"name\":\"Softgel Test\",\"url\":\"https:\/\/www.hottacktest.com\/\",\"logo\":{\"@type\":\"ImageObject\",\"inLanguage\":\"da-DK\",\"@id\":\"https:\/\/www.hottacktest.com\/#\/schema\/logo\/image\/\",\"url\":\"https:\/\/www.hottacktest.com\/wp-content\/uploads\/2025\/01\/Softgel-Test-Logo.webp\",\"contentUrl\":\"https:\/\/www.hottacktest.com\/wp-content\/uploads\/2025\/01\/Softgel-Test-Logo.webp\",\"width\":836,\"height\":238,\"caption\":\"Softgel Test\"},\"image\":{\"@id\":\"https:\/\/www.hottacktest.com\/#\/schema\/logo\/image\/\"}}]}<\/script>\n<!-- \/ Yoast SEO plugin. -->","yoast_head_json":{"title":"Kontakt os - Hot Tack-test","robots":{"index":"index","follow":"follow","max-snippet":"max-snippet:-1","max-image-preview":"max-image-preview:large","max-video-preview":"max-video-preview:-1"},"canonical":"https:\/\/www.hottacktest.com\/da\/contact","og_locale":"da_DK","og_type":"article","og_title":"Contact Us - Hot Tack Test","og_description":"We Are Here to Help You! Call Us For a Free Consultation. At Hottacktest.com, we\u2019re committed to providing you with the best solutions for your hot tack testing needs. Whether you have questions about our products, need technical support, or want to discuss your testing requirements, our team is here to assist you. Our Location [&hellip;]","og_url":"https:\/\/www.hottacktest.com\/da\/contact","og_site_name":"Hot Tack Test","article_modified_time":"2025-02-28T06:15:31+00:00","twitter_card":"summary_large_image","twitter_misc":{"Estimeret l\u00e6setid":"1 minut"},"schema":{"@context":"https:\/\/schema.org","@graph":[{"@type":"WebPage","@id":"https:\/\/www.hottacktest.com\/contact","url":"https:\/\/www.hottacktest.com\/contact","name":"Kontakt os - Hot Tack-test","isPartOf":{"@id":"https:\/\/www.hottacktest.com\/#website"},"datePublished":"2025-01-08T00:50:23+00:00","dateModified":"2025-02-28T06:15:31+00:00","breadcrumb":{"@id":"https:\/\/www.hottacktest.com\/contact#breadcrumb"},"inLanguage":"da-DK","potentialAction":[{"@type":"ReadAction","target":["https:\/\/www.hottacktest.com\/contact"]}]},{"@type":"BreadcrumbList","@id":"https:\/\/www.hottacktest.com\/contact#breadcrumb","itemListElement":[{"@type":"ListItem","position":1,"name":"Home","item":"https:\/\/www.hottacktest.com\/"},{"@type":"ListItem","position":2,"name":"Contact Us"}]},{"@type":"WebSite","@id":"https:\/\/www.hottacktest.com\/#website","url":"https:\/\/www.hottacktest.com\/","name":"Softgel-test","description":"ASTM F1921 Hot Tack-testopl\u00f8sning","publisher":{"@id":"https:\/\/www.hottacktest.com\/#organization"},"potentialAction":[{"@type":"SearchAction","target":{"@type":"EntryPoint","urlTemplate":"https:\/\/www.hottacktest.com\/?s={search_term_string}"},"query-input":{"@type":"PropertyValueSpecification","valueRequired":true,"valueName":"search_term_string"}}],"inLanguage":"da-DK"},{"@type":"Organization","@id":"https:\/\/www.hottacktest.com\/#organization","name":"Softgel-test","url":"https:\/\/www.hottacktest.com\/","logo":{"@type":"ImageObject","inLanguage":"da-DK","@id":"https:\/\/www.hottacktest.com\/#\/schema\/logo\/image\/","url":"https:\/\/www.hottacktest.com\/wp-content\/uploads\/2025\/01\/Softgel-Test-Logo.webp","contentUrl":"https:\/\/www.hottacktest.com\/wp-content\/uploads\/2025\/01\/Softgel-Test-Logo.webp","width":836,"height":238,"caption":"Softgel Test"},"image":{"@id":"https:\/\/www.hottacktest.com\/#\/schema\/logo\/image\/"}}]}},"_links":{"self":[{"href":"https:\/\/www.hottacktest.com\/da\/wp-json\/wp\/v2\/pages\/18","targetHints":{"allow":["GET"]}}],"collection":[{"href":"https:\/\/www.hottacktest.com\/da\/wp-json\/wp\/v2\/pages"}],"about":[{"href":"https:\/\/www.hottacktest.com\/da\/wp-json\/wp\/v2\/types\/page"}],"author":[{"embeddable":true,"href":"https:\/\/www.hottacktest.com\/da\/wp-json\/wp\/v2\/users\/1"}],"replies":[{"embeddable":true,"href":"https:\/\/www.hottacktest.com\/da\/wp-json\/wp\/v2\/comments?post=18"}],"version-history":[{"count":5,"href":"https:\/\/www.hottacktest.com\/da\/wp-json\/wp\/v2\/pages\/18\/revisions"}],"predecessor-version":[{"id":414,"href":"https:\/\/www.hottacktest.com\/da\/wp-json\/wp\/v2\/pages\/18\/revisions\/414"}],"wp:attachment":[{"href":"https:\/\/www.hottacktest.com\/da\/wp-json\/wp\/v2\/media?parent=18"}],"curies":[{"name":"wp","href":"https:\/\/api.w.org\/{rel}","templated":true}]}}